{"id":2911,"date":"2025-09-11T11:44:49","date_gmt":"2025-09-11T08:44:49","guid":{"rendered":"https:\/\/4scollection.store\/?post_type=product&#038;p=2911"},"modified":"2026-04-15T10:59:02","modified_gmt":"2026-04-15T07:59:02","slug":"%cf%80%ce%b1%cf%80%ce%bb%cf%89%ce%bc%ce%b1%cf%84%ce%bf%ce%b8%ce%ae%ce%ba%ce%b7-%cf%86%ce%b1%ce%bd%ce%b5%ce%bb%ce%ad%ce%bd%ce%b9%ce%b1-%cf%83%ce%b5%cf%84-4-%cf%84%ce%b5%ce%bc-2","status":"publish","type":"product","link":"https:\/\/4scollection.store\/en\/product\/%cf%80%ce%b1%cf%80%ce%bb%cf%89%ce%bc%ce%b1%cf%84%ce%bf%ce%b8%ce%ae%ce%ba%ce%b7-%cf%86%ce%b1%ce%bd%ce%b5%ce%bb%ce%ad%ce%bd%ce%b9%ce%b1-%cf%83%ce%b5%cf%84-4-%cf%84%ce%b5%ce%bc-2\/","title":{"rendered":"\u03a0\u03b1\u03c0\u03bb\u03c9\u03bc\u03b1\u03c4\u03bf\u03b8\u03ae\u03ba\u03b7 \u03a6\u03b1\u03bd\u03b5\u03bb\u03ad\u03bd\u03b9\u03b1 \u03a3\u03b5\u03c4 4 \u03a4\u03b5\u03bc. \u03bc\u03b5 \u039a\u03b1\u03c4\u03c9\u03c3\u03ad\u03bd\u03c4\u03bf\u03bd\u03bf &#038; 2 \u039c\u03b1\u03be\u03b9\u03bb\u03b1\u03c1\u03bf\u03b8\u03ae\u03ba\u03b5\u03c2 Dreamchaser \u2013 \u03a5\u03c0\u03ad\u03c1\u03b4\u03b9\u03c0\u03bb\u03bf 220\u00d7240 \u03b5\u03ba."},"content":{"rendered":"<p><strong>Product Specifications:<\/strong><\/p>\n<p>Fabric Composition: 100% Pure Cotton<\/p>\n<p>Weave Density (Thread Count): 200 TC<\/p>\n<p>Technique: Brushed Cotton<\/p>\n<p>Product Size (cm): Duvet Cover: 1 pc 220\u00d7240 | Sheet: 1 pc 245\u00d7270 | Pillowcases: 2 pcs 48\u00d774<\/p>\n<p>Main Colors: Soft Pink and Light Blue<\/p>\n<p>Accent Colors: Light Peach, Soft Yellow, Lavender, and White<\/p>\n<p><strong>Standard Compliance:<\/strong>\u00a0GB\/T 22796-2021 (Performance), GB 18401-2010 Category A (Safety)<\/p>\n<p><strong>Product care:<\/strong><\/p>\n<p>Wash at 30\u00b0C | Do not use bleach | Line dry | Iron at low temperature \u2264 110\u00b0C<\/p>\n<p>Professional Dry Cleaning: Use any solvent except trichloroethylene<\/p>\n<p>When line drying, ensure the product is not exposed to direct sunlight.<\/p>\n<p>To maintain the quality and color of your bedding set, please wash it separately and avoid mixing it with other garments, especially those of different colors. This helps prevent color transfer and fabric damage.<\/p>\n<p>Always refer to and follow the care and washing instructions provided on the product label.<\/p>","protected":false},"excerpt":{"rendered":"<div class=\"elementor-element elementor-element-f213c2f wd-single-short-desc text-left elementor-widget elementor-widget-wd_single_product_short_description\" data-id=\"f213c2f\" data-element_type=\"widget\" data-widget_type=\"wd_single_product_short_description.default\">\n<div class=\"elementor-widget-container\">\n<div class=\"woocommerce-product-details__short-description\">\n<p data-start=\"127\" data-end=\"667\">\u03a0\u03b1\u03c0\u03bb\u03c9\u03bc\u03b1\u03c4\u03bf\u03b8\u03ae\u03ba\u03b7 \u03a6\u03b1\u03bd\u03b5\u03bb\u03ad\u03bd\u03b9\u03b1 Dreamchaser, \u03ba\u03b1\u03c4\u03b1\u03c3\u03ba\u03b5\u03c5\u03b1\u03c3\u03bc\u03ad\u03bd\u03bf \u03b1\u03c0\u03cc 100% \u03b2\u03b1\u03bc\u03b2\u03ac\u03ba\u03b9 \u03bc\u03b5 \u03b5\u03c0\u03b5\u03be\u03b5\u03c1\u03b3\u03b1\u03c3\u03af\u03b1 \u03c6\u03b1\u03bd\u03ad\u03bb\u03b1\u03c2 (brushed), \u03c5\u03c0\u03ad\u03c1\u03b4\u03b9\u03c0\u03bb\u03bf \u03bc\u03ad\u03b3\u03b5\u03b8\u03bf\u03c2 220\u00d7240 \u03b5\u03ba. \u0397 \u03b1\u03c0\u03b1\u03bb\u03ae \u03c6\u03b1\u03bd\u03b5\u03bb\u03ad\u03bd\u03b9\u03b1 \u03cd\u03c6\u03b1\u03bd\u03c3\u03b7 \u03c0\u03c1\u03bf\u03c3\u03c6\u03ad\u03c1\u03b5\u03b9 \u03b6\u03b5\u03c3\u03c4\u03b1\u03c3\u03b9\u03ac \u03ba\u03b1\u03b9 \u03ac\u03bd\u03b5\u03c3\u03b7 \u03c4\u03b9\u03c2 \u03ba\u03c1\u03cd\u03b5\u03c2 \u03bd\u03cd\u03c7\u03c4\u03b5\u03c2, \u03c0\u03b1\u03c1\u03b1\u03bc\u03ad\u03bd\u03bf\u03bd\u03c4\u03b1\u03c2 \u03b4\u03b9\u03b1\u03c0\u03bd\u03ad\u03bf\u03c5\u03c3\u03b1 \u03ba\u03b1\u03b9 \u03c6\u03b9\u03bb\u03b9\u03ba\u03ae \u03c0\u03c1\u03bf\u03c2 \u03c4\u03bf \u03b4\u03ad\u03c1\u03bc\u03b1. \u03a4\u03bf \u03c3\u03b5\u03c4 \u03c0\u03b5\u03c1\u03b9\u03bb\u03b1\u03bc\u03b2\u03ac\u03bd\u03b5\u03b9 \u03c0\u03b1\u03c0\u03bb\u03c9\u03bc\u03b1\u03c4\u03bf\u03b8\u03ae\u03ba\u03b7, \u03ba\u03b1\u03c4\u03c9\u03c3\u03ad\u03bd\u03c4\u03bf\u03bd\u03bf \u03ba\u03b1\u03b9 \u03b4\u03cd\u03bf \u03bc\u03b1\u03be\u03b9\u03bb\u03b1\u03c1\u03bf\u03b8\u03ae\u03ba\u03b5\u03c2, \u03b4\u03b7\u03bc\u03b9\u03bf\u03c5\u03c1\u03b3\u03ce\u03bd\u03c4\u03b1\u03c2 \u03ad\u03bd\u03b1 \u03bf\u03bb\u03bf\u03ba\u03bb\u03b7\u03c1\u03c9\u03bc\u03ad\u03bd\u03bf \u03c3\u03b5\u03c4 \u03ba\u03bb\u03b9\u03bd\u03bf\u03c3\u03ba\u03b5\u03c0\u03b1\u03c3\u03bc\u03ac\u03c4\u03c9\u03bd \u03b3\u03b9\u03b1 \u03c4\u03bf \u03c5\u03c0\u03bd\u03bf\u03b4\u03c9\u03bc\u03ac\u03c4\u03b9\u03bf. \u039e\u03b5\u03c7\u03c9\u03c1\u03af\u03b6\u03b5\u03b9 \u03b3\u03b9\u03b1 \u03c4\u03bf \u03bb\u03bf\u03c5\u03bb\u03bf\u03c5\u03b4\u03ad\u03bd\u03b9\u03bf \u03c3\u03c7\u03ad\u03b4\u03b9\u03bf, \u03c4\u03b7\u03bd \u03ba\u03b5\u03bd\u03c4\u03b7\u03bc\u03ad\u03bd\u03b7 \u03bc\u03b1\u03be\u03b9\u03bb\u03b1\u03c1\u03bf\u03b8\u03ae\u03ba\u03b7 \u03ba\u03b1\u03b9 \u03c4\u03bf \u03ba\u03b1\u03c4\u03c9\u03c3\u03ad\u03bd\u03c4\u03bf\u03bd\u03bf \u03bc\u03b5 \u03b2\u03bf\u03bb\u03ac\u03bd, \u03c3\u03c5\u03bd\u03b4\u03c5\u03ac\u03b6\u03bf\u03bd\u03c4\u03b1\u03c2 \u03ba\u03bf\u03bc\u03c8\u03cc\u03c4\u03b7\u03c4\u03b1 \u03ba\u03b1\u03b9 \u03b1\u03bd\u03b8\u03b5\u03ba\u03c4\u03b9\u03ba\u03cc\u03c4\u03b7\u03c4\u03b1 \u03c3\u03c4\u03bf\u03bd \u03c7\u03c1\u03cc\u03bd\u03bf. \u039a\u03b1\u03c4\u03ac\u03bb\u03bb\u03b7\u03bb\u03bf \u03b3\u03b9\u03b1 \u03c7\u03c1\u03ae\u03c3\u03b7 \u03cc\u03bb\u03bf \u03c4\u03bf\u03bd \u03c7\u03c1\u03cc\u03bd\u03bf, \u03c0\u03c1\u03bf\u03c3\u03c6\u03ad\u03c1\u03bf\u03bd\u03c4\u03b1\u03c2 \u03c0\u03c1\u03b1\u03ba\u03c4\u03b9\u03ba\u03cc\u03c4\u03b7\u03c4\u03b1 \u03ba\u03b1\u03b9 \u03ac\u03bd\u03b5\u03c3\u03b7 \u03c3\u03b5 \u03ba\u03ac\u03b8\u03b5 \u03b5\u03c0\u03bf\u03c7\u03ae.<\/p>\n<\/div>\n<\/div>\n<\/div>\n<div class=\"wd-negative-gap elementor-element elementor-element-2444467 e-flex e-con-boxed e-con e-child\" data-id=\"2444467\" data-element_type=\"container\">\n<div class=\"e-con-inner\">\n<div class=\"elementor-element elementor-element-5e38082 elementor-widget__width-auto wd-single-price text-left elementor-widget elementor-widget-wd_single_product_price\" data-id=\"5e38082\" data-element_type=\"widget\" data-widget_type=\"wd_single_product_price.default\">\n<div class=\"elementor-widget-container\"><\/div>\n<\/div>\n<\/div>\n<\/div>","protected":false},"featured_media":2912,"comment_status":"open","ping_status":"closed","template":"","meta":{"_acf_changed":false},"product_brand":[],"product_cat":[153,176,173],"product_tag":[],"class_list":{"0":"post-2911","1":"product","2":"type-product","3":"status-publish","4":"has-post-thumbnail","6":"product_cat-brushed-","7":"product_cat-cottonelite-","8":"product_cat-173","10":"first","11":"instock","12":"taxable","13":"shipping-taxable","14":"purchasable","15":"product-type-variable"},"acf":[],"_links":{"self":[{"href":"https:\/\/4scollection.store\/en\/wp-json\/wp\/v2\/product\/2911","targetHints":{"allow":["GET"]}}],"collection":[{"href":"https:\/\/4scollection.store\/en\/wp-json\/wp\/v2\/product"}],"about":[{"href":"https:\/\/4scollection.store\/en\/wp-json\/wp\/v2\/types\/product"}],"replies":[{"embeddable":true,"href":"https:\/\/4scollection.store\/en\/wp-json\/wp\/v2\/comments?post=2911"}],"version-history":[{"count":11,"href":"https:\/\/4scollection.store\/en\/wp-json\/wp\/v2\/product\/2911\/revisions"}],"predecessor-version":[{"id":4461,"href":"https:\/\/4scollection.store\/en\/wp-json\/wp\/v2\/product\/2911\/revisions\/4461"}],"wp:featuredmedia":[{"embeddable":true,"href":"https:\/\/4scollection.store\/en\/wp-json\/wp\/v2\/media\/2912"}],"wp:attachment":[{"href":"https:\/\/4scollection.store\/en\/wp-json\/wp\/v2\/media?parent=2911"}],"wp:term":[{"taxonomy":"product_brand","embeddable":true,"href":"https:\/\/4scollection.store\/en\/wp-json\/wp\/v2\/product_brand?post=2911"},{"taxonomy":"product_cat","embeddable":true,"href":"https:\/\/4scollection.store\/en\/wp-json\/wp\/v2\/product_cat?post=2911"},{"taxonomy":"product_tag","embeddable":true,"href":"https:\/\/4scollection.store\/en\/wp-json\/wp\/v2\/product_tag?post=2911"}],"curies":[{"name":"wp","href":"https:\/\/api.w.org\/{rel}","templated":true}]}}