{"id":2957,"date":"2025-09-11T12:12:47","date_gmt":"2025-09-11T09:12:47","guid":{"rendered":"https:\/\/4scollection.store\/?post_type=product&#038;p=2957"},"modified":"2026-02-28T00:47:24","modified_gmt":"2026-02-27T22:47:24","slug":"%cf%80%ce%b1%cf%80%ce%bb%cf%89%ce%bc%ce%b1%cf%84%ce%bf%ce%b8%ce%ae%ce%ba%ce%b7-%ce%b2%ce%b1%ce%bc%ce%b2%ce%b1%ce%ba%ce%bf%cf%83%ce%b1%cf%84%ce%ad%ce%bd-%cf%83%ce%b5%cf%84-4-%cf%84%ce%b5%ce%bc-5","status":"publish","type":"product","link":"https:\/\/4scollection.store\/en\/product\/%cf%80%ce%b1%cf%80%ce%bb%cf%89%ce%bc%ce%b1%cf%84%ce%bf%ce%b8%ce%ae%ce%ba%ce%b7-%ce%b2%ce%b1%ce%bc%ce%b2%ce%b1%ce%ba%ce%bf%cf%83%ce%b1%cf%84%ce%ad%ce%bd-%cf%83%ce%b5%cf%84-4-%cf%84%ce%b5%ce%bc-5\/","title":{"rendered":"\u03a0\u03b1\u03c0\u03bb\u03c9\u03bc\u03b1\u03c4\u03bf\u03b8\u03ae\u03ba\u03b7 \u0392\u03b1\u03bc\u03b2\u03b1\u03ba\u03bf\u03c3\u03b1\u03c4\u03ad\u03bd \u03a3\u03b5\u03c4 4 \u03a4\u03b5\u03bc. \u03bc\u03b5 \u039a\u03b1\u03c4\u03c9\u03c3\u03ad\u03bd\u03c4\u03bf\u03bd\u03bf &#038; 2 \u039c\u03b1\u03be\u03b9\u03bb\u03b1\u03c1\u03bf\u03b8\u03ae\u03ba\u03b5\u03c2 Mystic Flower &#8211; \u03a5\u03c0\u03ad\u03c1\u03b4\u03b9\u03c0\u03bb\u03bf 220\u00d7240 \u03b5\u03ba."},"content":{"rendered":"<p><strong>Product Specifications:<\/strong><\/p>\n<p>Fabric Composition: 100% Cotton<\/p>\n<p>Weave Density (Thread Count): 300 TC<\/p>\n<p>Technique: Sateen<\/p>\n<p>Product Size (cm): Duvet Cover: 1 pc. 220\u00d7240 | Sheet: 1 pc. 245\u00d7270 | Pillowcases: 2 pcs. 48\u00d774<\/p>\n<p>Primary colour: Soft muted grey-taupe | Secondary colours: Bold black floral pattern<\/p>\n<p><strong>Standard Compliance:<\/strong>\u00a0GB\/T 22796-2021 (Performance), GB 18401-2010 Category A (Safety)<\/p>\n<p><strong>Product care:<\/strong><\/p>\n<p>Wash at 30\u00b0C | Do not use bleach | Line dry | Iron at low temperature \u2264 110\u00b0C<\/p>\n<p>Professional Dry Cleaning: Use any solvent except trichloroethylene<\/p>\n<p>When line drying, ensure the product is not exposed to direct sunlight.<\/p>\n<p>To maintain the quality and color of your bedding set, please wash it separately and avoid mixing it with other garments, especially those of different colors. This helps prevent color transfer and fabric damage.<\/p>\n<p>Always refer to and follow the care and washing instructions provided on the product label.<\/p>","protected":false},"excerpt":{"rendered":"<p data-start=\"255\" data-end=\"436\">\u03a0\u03b1\u03c0\u03bb\u03c9\u03bc\u03b1\u03c4\u03bf\u03b8\u03ae\u03ba\u03b7 \u03b2\u03b1\u03bc\u03b2\u03b1\u03ba\u03bf\u03c3\u03b1\u03c4\u03ad\u03bd \u03ba\u03b1\u03c4\u03b1\u03c3\u03ba\u03b5\u03c5\u03b1\u03c3\u03bc\u03ad\u03bd\u03b7 \u03b1\u03c0\u03cc 100% \u03b2\u03b1\u03bc\u03b2\u03ac\u03ba\u03b9 \u03c0\u03bf\u03c5 \u03b1\u03c0\u03bf\u03c4\u03b5\u03bb\u03b5\u03af \u03ad\u03bd\u03b1 \u03bf\u03bb\u03bf\u03ba\u03bb\u03b7\u03c1\u03c9\u03bc\u03ad\u03bd\u03bf \u03c3\u03b5\u03c4 \u03ba\u03bb\u03b9\u03bd\u03bf\u03c3\u03ba\u03b5\u03c0\u03b1\u03c3\u03bc\u03ac\u03c4\u03c9\u03bd \u03bc\u03b5 \u03c0\u03b1\u03c0\u03bb\u03c9\u03bc\u03b1\u03c4\u03bf\u03b8\u03ae\u03ba\u03b7, \u03ba\u03b1\u03c4\u03c9\u03c3\u03ad\u03bd\u03c4\u03bf\u03bd\u03bf \u03ba\u03b1\u03b9 \u03b4\u03cd\u03bf \u03bc\u03b1\u03be\u03b9\u03bb\u03b1\u03c1\u03bf\u03b8\u03ae\u03ba\u03b5\u03c2, \u03c0\u03c1\u03bf\u03c3\u03c6\u03ad\u03c1\u03bf\u03bd\u03c4\u03b1\u03c2 \u03ac\u03bd\u03b5\u03c3\u03b7 \u03ba\u03b1\u03b9 \u03c0\u03bf\u03bb\u03c5\u03c4\u03b5\u03bb\u03ae \u03b1\u03af\u03c3\u03b8\u03b7\u03c3\u03b7 \u03c3\u03c4\u03bf \u03c5\u03c0\u03bd\u03bf\u03b4\u03c9\u03bc\u03ac\u03c4\u03b9\u03bf \u03cc\u03bb\u03bf \u03c4\u03bf\u03bd \u03c7\u03c1\u03cc\u03bd\u03bf.<\/p>\n<p data-start=\"443\" data-end=\"723\">Indulge in elegant florals in a timeless monochrome, where sophistication meets tranquility and the soft texture creates a sense of subtle luxury. This set of exceptionally soft, double-sateen cotton combines luxury with durability, offering all-year-round comfort.<\/p>\n<p data-start=\"730\" data-end=\"1044\">The nature-inspired design features earthy tones and organic patterns, while eco-friendly digital printing keeps colors vibrant. Handcrafted button details add a refined, artisanal touch, turning every night into an experience of restful comfort and subtle luxury.<\/p>","protected":false},"featured_media":3037,"comment_status":"open","ping_status":"closed","template":"","meta":{"_acf_changed":false},"product_brand":[],"product_cat":[176,154,173],"product_tag":[],"class_list":{"0":"post-2957","1":"product","2":"type-product","3":"status-publish","4":"has-post-thumbnail","6":"product_cat-cottonelite-","7":"product_cat-sateen-","8":"product_cat-173","10":"first","11":"instock","12":"featured","13":"taxable","14":"shipping-taxable","15":"purchasable","16":"product-type-variable"},"acf":[],"_links":{"self":[{"href":"https:\/\/4scollection.store\/en\/wp-json\/wp\/v2\/product\/2957","targetHints":{"allow":["GET"]}}],"collection":[{"href":"https:\/\/4scollection.store\/en\/wp-json\/wp\/v2\/product"}],"about":[{"href":"https:\/\/4scollection.store\/en\/wp-json\/wp\/v2\/types\/product"}],"replies":[{"embeddable":true,"href":"https:\/\/4scollection.store\/en\/wp-json\/wp\/v2\/comments?post=2957"}],"version-history":[{"count":7,"href":"https:\/\/4scollection.store\/en\/wp-json\/wp\/v2\/product\/2957\/revisions"}],"predecessor-version":[{"id":5264,"href":"https:\/\/4scollection.store\/en\/wp-json\/wp\/v2\/product\/2957\/revisions\/5264"}],"wp:featuredmedia":[{"embeddable":true,"href":"https:\/\/4scollection.store\/en\/wp-json\/wp\/v2\/media\/3037"}],"wp:attachment":[{"href":"https:\/\/4scollection.store\/en\/wp-json\/wp\/v2\/media?parent=2957"}],"wp:term":[{"taxonomy":"product_brand","embeddable":true,"href":"https:\/\/4scollection.store\/en\/wp-json\/wp\/v2\/product_brand?post=2957"},{"taxonomy":"product_cat","embeddable":true,"href":"https:\/\/4scollection.store\/en\/wp-json\/wp\/v2\/product_cat?post=2957"},{"taxonomy":"product_tag","embeddable":true,"href":"https:\/\/4scollection.store\/en\/wp-json\/wp\/v2\/product_tag?post=2957"}],"curies":[{"name":"wp","href":"https:\/\/api.w.org\/{rel}","templated":true}]}}