{"id":3152,"date":"2025-09-11T13:53:19","date_gmt":"2025-09-11T10:53:19","guid":{"rendered":"https:\/\/4scollection.store\/?post_type=product&#038;p=3152"},"modified":"2026-01-24T10:03:15","modified_gmt":"2026-01-24T08:03:15","slug":"%cf%80%ce%bf%ce%bb%cf%85%cf%84%ce%b5%ce%bb%ce%ad%cf%82-%cf%83%ce%b5%cf%84-%ce%ba%ce%bb%ce%b9%ce%bd%ce%bf%cf%83%ce%ba%ce%b5%cf%80%ce%b1%cf%83%ce%bc%ce%ac%cf%84%cf%89%ce%bd-scarlet-embrace-%ce%b1%cf%80","status":"publish","type":"product","link":"https:\/\/4scollection.store\/en\/product\/%cf%80%ce%bf%ce%bb%cf%85%cf%84%ce%b5%ce%bb%ce%ad%cf%82-%cf%83%ce%b5%cf%84-%ce%ba%ce%bb%ce%b9%ce%bd%ce%bf%cf%83%ce%ba%ce%b5%cf%80%ce%b1%cf%83%ce%bc%ce%ac%cf%84%cf%89%ce%bd-scarlet-embrace-%ce%b1%cf%80\/","title":{"rendered":"Luxury Bedding Set \u2013 100% Long Staple Cotton Brocade Jacquard, Scarlet Embrace"},"content":{"rendered":"<p><strong>Product Specifications:<\/strong><\/p>\n<p>Fabric composition: 100% pure cotton \u2013 100s yarn.<\/p>\n<p>Weave density (Thread Count): 400TC<\/p>\n<p>Technique: Long-staple cotton, Jacquard.<\/p>\n<p>Product Size (cm): Duvet Cover: 1 pc. 220\u00d7240 | Sheet: 1 pc. 245\u00d7270 | Pillowcases: 2 pcs. 48\u00d774<\/p>\n<p>Color: Deep red.<\/p>\n<p><strong>Standard Compliance:<\/strong> GB\/T 22796-2021 (Performance), GB 18401-2010 Category B (Safety)<\/p>\n<p><strong>Product care:<\/strong><\/p>\n<p>Wash at 30\u00b0C | Do not use bleach | Line dry | Iron at low temperature \u2264 110\u00b0C<\/p>\n<p>Professional Dry Cleaning: Use any solvent except trichloroethylene<\/p>\n<p>When line drying, ensure the product is not exposed to direct sunlight.<\/p>\n<p>To maintain the quality and color of your bedding set, please wash it separately and avoid mixing it with other garments, especially those of different colors. This helps prevent color transfer and fabric damage.<\/p>\n<p>Always refer to and follow the care and washing instructions provided on the product label.<\/p>","protected":false},"excerpt":{"rendered":"<p data-start=\"116\" data-end=\"931\">\u039f \u03c3\u03cd\u03b3\u03c7\u03c1\u03bf\u03bd\u03bf\u03c2 \u03c1\u03bf\u03bc\u03b1\u03bd\u03c4\u03b9\u03c3\u03bc\u03cc\u03c2 \u03c5\u03c6\u03b1\u03c3\u03bc\u03ad\u03bd\u03bf\u03c2 \u03bc\u03b5 \u03b4\u03b9\u03b1\u03c7\u03c1\u03bf\u03bd\u03b9\u03ba\u03ae \u03ba\u03bf\u03bc\u03c8\u03cc\u03c4\u03b7\u03c4\u03b1 \u03b1\u03c0\u03bf\u03c4\u03c5\u03c0\u03ce\u03bd\u03b5\u03c4\u03b1\u03b9 \u03c3\u03c4\u03bf <em data-start=\"191\" data-end=\"208\">Scarlet Embrace<\/em>is a luxurious bedding set that blends contemporary passion with classic artistic harmony, creating a symphony of style and serenity. Its soft, high-density brocade, crafted from 100% long-staple cotton, is adorned with refined jacquard floral motifs that exude calm charm and subtle sophistication.\n\nWith its deep purple hue bringing warmth and understated luxury, the set \u2014 ideal for pairing with an equally refined sheet set \u2014 introduces a sense of intimacy and high quality to your space.\n\nEvery thread reflects exceptional craftsmanship and comfort, offering not just a place to sleep, but an elevated experience of beauty and lasting quality.<\/p>","protected":false},"featured_media":3154,"comment_status":"open","ping_status":"closed","template":"","meta":{"_acf_changed":false},"product_brand":[],"product_cat":[176,158,173],"product_tag":[],"class_list":{"0":"post-3152","1":"product","2":"type-product","3":"status-publish","4":"has-post-thumbnail","6":"product_cat-cottonelite-","7":"product_cat-staple-","8":"product_cat-173","10":"first","11":"outofstock","12":"taxable","13":"shipping-taxable","14":"purchasable","15":"product-type-variable"},"acf":[],"_links":{"self":[{"href":"https:\/\/4scollection.store\/en\/wp-json\/wp\/v2\/product\/3152","targetHints":{"allow":["GET"]}}],"collection":[{"href":"https:\/\/4scollection.store\/en\/wp-json\/wp\/v2\/product"}],"about":[{"href":"https:\/\/4scollection.store\/en\/wp-json\/wp\/v2\/types\/product"}],"replies":[{"embeddable":true,"href":"https:\/\/4scollection.store\/en\/wp-json\/wp\/v2\/comments?post=3152"}],"version-history":[{"count":6,"href":"https:\/\/4scollection.store\/en\/wp-json\/wp\/v2\/product\/3152\/revisions"}],"predecessor-version":[{"id":4693,"href":"https:\/\/4scollection.store\/en\/wp-json\/wp\/v2\/product\/3152\/revisions\/4693"}],"wp:featuredmedia":[{"embeddable":true,"href":"https:\/\/4scollection.store\/en\/wp-json\/wp\/v2\/media\/3154"}],"wp:attachment":[{"href":"https:\/\/4scollection.store\/en\/wp-json\/wp\/v2\/media?parent=3152"}],"wp:term":[{"taxonomy":"product_brand","embeddable":true,"href":"https:\/\/4scollection.store\/en\/wp-json\/wp\/v2\/product_brand?post=3152"},{"taxonomy":"product_cat","embeddable":true,"href":"https:\/\/4scollection.store\/en\/wp-json\/wp\/v2\/product_cat?post=3152"},{"taxonomy":"product_tag","embeddable":true,"href":"https:\/\/4scollection.store\/en\/wp-json\/wp\/v2\/product_tag?post=3152"}],"curies":[{"name":"wp","href":"https:\/\/api.w.org\/{rel}","templated":true}]}}