{"id":3291,"date":"2025-09-11T15:28:37","date_gmt":"2025-09-11T12:28:37","guid":{"rendered":"https:\/\/4scollection.store\/?post_type=product&#038;p=3291"},"modified":"2026-02-28T00:47:23","modified_gmt":"2026-02-27T22:47:23","slug":"%cf%80%ce%bf%ce%bb%cf%85%cf%84%ce%b5%ce%bb%ce%ad%cf%82-%cf%83%ce%b5%cf%84-%ce%ba%ce%bb%ce%b9%ce%bd%ce%bf%cf%83%ce%ba%ce%b5%cf%80%ce%b1%cf%83%ce%bc%ce%ac%cf%84%cf%89%ce%bd-lyocell-midveil-%ce%bc%ce%b5","status":"publish","type":"product","link":"https:\/\/4scollection.store\/en\/product\/%cf%80%ce%bf%ce%bb%cf%85%cf%84%ce%b5%ce%bb%ce%ad%cf%82-%cf%83%ce%b5%cf%84-%ce%ba%ce%bb%ce%b9%ce%bd%ce%bf%cf%83%ce%ba%ce%b5%cf%80%ce%b1%cf%83%ce%bc%ce%ac%cf%84%cf%89%ce%bd-lyocell-midveil-%ce%bc%ce%b5\/","title":{"rendered":"Luxury Bedding Set \u2013 Lyocell with Jacquard Pattern, Midveil"},"content":{"rendered":"<p><strong>Product Specifications:<\/strong><\/p>\n<p>Fabric Composition: 100% Lyocell (without embroidery or decorative elements) \u2013 60s yarn<\/p>\n<p>Weave Density (Thread Count): 300 TC<\/p>\n<p>\u03a4\u03b5\u03c7\u03bd\u03b9\u03ba\u03ae: \u0396\u03b1\u03ba\u03ac\u03c1.<\/p>\n<p>Product Size (cm): Duvet Cover: 1 pc 220\u00d7240 | Sheet: 1 pc 245\u00d7270 | Pillowcases: 2 pcs 48\u00d774<\/p>\n<p>\u039f\u03bc\u03ac\u03b4\u03b1 \u03c7\u03c1\u03c9\u03bc\u03ac\u03c4\u03c9\u03bd: \u039c\u03c0\u03bb\u03b5<\/p>\n<p><strong>Standard Compliance:<\/strong> GB\/T 22796-2021 (\u0395\u03ba\u03c4\u03ad\u03bb\u03b5\u03c3\u03b7\u03c2), GB 18401-2010 B Class (\u0391\u03c3\u03c6\u03ac\u03bb\u03b5\u03b9\u03b1\u03c2)<\/p>\n<p><strong>Product care:<\/strong><\/p>\n<p>Wash at 30\u00b0C | Do not use bleach | Line dry | Iron at low temperature \u2264 110\u00b0C<\/p>\n<p>Professional Dry Cleaning: Use any solvent except trichloroethylene<\/p>\n<p>When line drying, ensure the product is not exposed to direct sunlight.<\/p>\n<p>To maintain the quality and color of your bedding set, please wash it separately and avoid mixing it with other garments, especially those of different colors. This helps prevent color transfer and fabric damage.<\/p>\n<p>Always refer to and follow the care and washing instructions provided on the product label.<\/p>","protected":false},"excerpt":{"rendered":"<p data-start=\"95\" data-end=\"658\">With every thread radiating subtle elegance, this luxurious Lyocell bedding set combines minimalist design with indulgent comfort, elevating your bedroom with jacquard patterns and refined aesthetics. The fabric offers silky softness, a gentle sheen, and natural breathability, enveloping the body in comfort and delivering a wonderfully rejuvenating sleep all year round. Advanced moisture-wicking properties and antibacterial protection ensure freshness and hygiene, providing truly sustainable luxury that lasts.<\/p>\n<p data-start=\"481\" data-end=\"621\" data-is-last-node=\"\" data-is-only-node=\"\">","protected":false},"featured_media":3293,"comment_status":"open","ping_status":"closed","template":"","meta":{"_acf_changed":false},"product_brand":[],"product_cat":[159,177,173],"product_tag":[],"class_list":{"0":"post-3291","1":"product","2":"type-product","3":"status-publish","4":"has-post-thumbnail","6":"product_cat-ecoluxe-","7":"product_cat-ecosoft-","8":"product_cat-173","10":"first","11":"instock","12":"featured","13":"taxable","14":"shipping-taxable","15":"purchasable","16":"product-type-variable"},"acf":[],"_links":{"self":[{"href":"https:\/\/4scollection.store\/en\/wp-json\/wp\/v2\/product\/3291","targetHints":{"allow":["GET"]}}],"collection":[{"href":"https:\/\/4scollection.store\/en\/wp-json\/wp\/v2\/product"}],"about":[{"href":"https:\/\/4scollection.store\/en\/wp-json\/wp\/v2\/types\/product"}],"replies":[{"embeddable":true,"href":"https:\/\/4scollection.store\/en\/wp-json\/wp\/v2\/comments?post=3291"}],"version-history":[{"count":9,"href":"https:\/\/4scollection.store\/en\/wp-json\/wp\/v2\/product\/3291\/revisions"}],"predecessor-version":[{"id":4716,"href":"https:\/\/4scollection.store\/en\/wp-json\/wp\/v2\/product\/3291\/revisions\/4716"}],"wp:featuredmedia":[{"embeddable":true,"href":"https:\/\/4scollection.store\/en\/wp-json\/wp\/v2\/media\/3293"}],"wp:attachment":[{"href":"https:\/\/4scollection.store\/en\/wp-json\/wp\/v2\/media?parent=3291"}],"wp:term":[{"taxonomy":"product_brand","embeddable":true,"href":"https:\/\/4scollection.store\/en\/wp-json\/wp\/v2\/product_brand?post=3291"},{"taxonomy":"product_cat","embeddable":true,"href":"https:\/\/4scollection.store\/en\/wp-json\/wp\/v2\/product_cat?post=3291"},{"taxonomy":"product_tag","embeddable":true,"href":"https:\/\/4scollection.store\/en\/wp-json\/wp\/v2\/product_tag?post=3291"}],"curies":[{"name":"wp","href":"https:\/\/api.w.org\/{rel}","templated":true}]}}