{"id":3341,"date":"2025-09-11T16:19:02","date_gmt":"2025-09-11T13:19:02","guid":{"rendered":"https:\/\/4scollection.store\/?post_type=product&#038;p=3341"},"modified":"2026-04-01T02:22:23","modified_gmt":"2026-03-31T23:22:23","slug":"%ce%b2%ce%b5%ce%bb%ce%bf%cf%8d%ce%b4%ce%b9%ce%bd%ce%bf-%cf%83%ce%b5%cf%84-%ce%ba%ce%bb%ce%b9%ce%bd%ce%bf%cf%83%ce%ba%ce%b5%cf%80%ce%b1%cf%83%ce%bc%ce%ac%cf%84%cf%89%ce%bd-garden","status":"publish","type":"product","link":"https:\/\/4scollection.store\/en\/product\/%ce%b2%ce%b5%ce%bb%ce%bf%cf%8d%ce%b4%ce%b9%ce%bd%ce%bf-%cf%83%ce%b5%cf%84-%ce%ba%ce%bb%ce%b9%ce%bd%ce%bf%cf%83%ce%ba%ce%b5%cf%80%ce%b1%cf%83%ce%bc%ce%ac%cf%84%cf%89%ce%bd-garden\/","title":{"rendered":"Premium Milk Velvet Bedding Set - Garden"},"content":{"rendered":"<p><strong>Product Specifications:<\/strong><\/p>\n<p>\u03a3\u03cd\u03bd\u03b8\u03b5\u03c3\u03b7 \u03c5\u03c6\u03ac\u03c3\u03bc\u03b1\u03c4\u03bf\u03c2: 99,8% \u03a3\u03c5\u03bd\u03b8\u03b5\u03c4\u03b9\u03ba\u03cc, 0,2% \u03bd\u03b1\u03bd\u03bf-\u03b1\u03b3\u03ce\u03b3\u03b9\u03bc\u03bf \u03bd\u03ae\u03bc\u03b1. \u0392\u03b5\u03bb\u03bf\u03cd\u03b4\u03bf \u03c5\u03c8\u03b7\u03bb\u03bf\u03cd \u03b2\u03ac\u03c1\u03bf\u03c5\u03c2 230 \u03b3\u03c1.<\/p>\n<p>Weave Density (Thread Count): N\/A<\/p>\n<p>\u03a4\u03b5\u03c7\u03bd\u03b9\u03ba\u03ae: \u0392\u03b5\u03bb\u03bf\u03cd\u03b4\u03bf. \u0395\u03ba\u03bb\u03b5\u03c0\u03c4\u03c5\u03c3\u03bc\u03ad\u03bd\u03bf \u03b4\u03b9\u03b1\u03ba\u03bf\u03c3\u03bc\u03b7\u03c4\u03b9\u03ba\u03cc \u03ba\u03ad\u03bd\u03c4\u03b7\u03bc\u03b1 &amp; \u03c5\u03c0\u03b5\u03c1-\u03b1\u03c0\u03b1\u03bb\u03ae \u03b4\u03b1\u03bd\u03c4\u03ad\u03bb\u03b1 \u03b1\u03c0\u03cc \u03c3\u03b9\u03c6\u03cc\u03bd.<\/p>\n<p>Product Size (cm): Duvet Cover: 1 pc. 220\u00d7240 | Sheet: 1 pc. 245\u00d7270 | Pillowcases: 2 pcs. 48\u00d774<\/p>\n<p>\u039f\u03bc\u03ac\u03b4\u03b1 \u03c7\u03c1\u03c9\u03bc\u03ac\u03c4\u03c9\u03bd: \u0391\u03c0\u03b1\u03bb\u03cc \u03c0\u03b1\u03c3\u03c4\u03ad\u03bb \u03c1\u03bf\u03b6 \u03bc\u03b5 \u03ba\u03c1\u03b5\u03bc \u03c0\u03b9\u03bd\u03b5\u03bb\u03b9\u03ad\u03c2 \u03c3\u03c4\u03bf \u03b2\u03bf\u03bb\u03ac\u03bd<\/p>\n<p><strong>Standard Compliance:<\/strong>\u00a0GB\/T 22796-2021 (Performance), GB 18401-2010 Category A (Safety)<\/p>\n<p><strong>Product care:\u00a0<\/strong><\/p>\n<p>Washing Instructions: Wash at 30\u00b0C | Do not bleach | Line dry <strong>Do Not Iron<\/strong><\/p>\n<p>Professional Dry Cleaning: Use any solvent except trichloroethylene<\/p>\n<p>When line drying, ensure the product is not exposed to direct sunlight.<\/p>\n<p>To maintain the quality and color of your bedding set, please wash it separately and avoid mixing it with other garments, especially those of different colors. This helps prevent color transfer and fabric damage.<\/p>\n<p>Always refer to and follow the care and washing instructions provided on the product label.<\/p>\n<p><strong>Product Packaging:<\/strong>\u00a0The Milk Velvet bedding set is securely packaged in a durable non-woven bag, with an inner protective lining sealed for optimal cleanliness and an elegant presentation.<\/p>","protected":false},"excerpt":{"rendered":"<p data-start=\"208\" data-end=\"888\">\u0391\u03c0\u03bf\u03bb\u03b1\u03cd\u03c3\u03c4\u03b5 \u03c4\u03b7\u03bd \u03ba\u03bf\u03bc\u03c8\u03cc\u03c4\u03b7\u03c4\u03b1 \u03bc\u03b5 \u03b1\u03c5\u03c4\u03cc \u03c4\u03bf \u03b2\u03b5\u03bb\u03bf\u03cd\u03b4\u03b9\u03bd\u03bf \u03c3\u03b5\u03c4 \u03ba\u03bb\u03b9\u03bd\u03bf\u03c3\u03ba\u03b5\u03c0\u03b1\u03c3\u03bc\u03ac\u03c4\u03c9\u03bd \u03bc\u03b5 \u03ba\u03b5\u03bd\u03c4\u03b7\u03bc\u03ad\u03bd\u03b5\u03c2 \u03c0\u03b5\u03c4\u03b1\u03bb\u03bf\u03cd\u03b4\u03b5\u03c2 \u03ba\u03b1\u03b9 \u03bb\u03b5\u03c0\u03c4\u03ac \u03b2\u03bf\u03bb\u03ac\u03bd, \u03ba\u03b1\u03c4\u03b1\u03c3\u03ba\u03b5\u03c5\u03b1\u03c3\u03bc\u03ad\u03bd\u03bf \u03b1\u03c0\u03cc \u03c6\u03c5\u03c3\u03b9\u03ba\u03ae \u03c0\u03c1\u03c9\u03c4\u03b5\u0390\u03bd\u03b7 \u03b3\u03ac\u03bb\u03b1\u03ba\u03c4\u03bf\u03c2 \u03bc\u03ad\u03c3\u03c9 \u03b5\u03ba\u03bb\u03b5\u03c0\u03c4\u03c5\u03c3\u03bc\u03ad\u03bd\u03b7\u03c2 \u03b4\u03b9\u03b1\u03b4\u03b9\u03ba\u03b1\u03c3\u03af\u03b1\u03c2. \u0397 \u03ba\u03b1\u03b9\u03bd\u03bf\u03c4\u03cc\u03bc\u03bf\u03c2 \u03af\u03bd\u03b1 \u03c0\u03c1\u03bf\u03c3\u03c6\u03ad\u03c1\u03b5\u03b9 \u03b1\u03c0\u03b1\u03bb\u03ae, \u03bc\u03b5\u03c4\u03b1\u03be\u03ad\u03bd\u03b9\u03b1 \u03b1\u03af\u03c3\u03b8\u03b7\u03c3\u03b7, \u03ba\u03bf\u03bc\u03c8\u03cc \u03b3\u03c5\u03ac\u03bb\u03b9\u03c3\u03bc\u03b1 \u03ba\u03b1\u03b9 \u03c5\u03c8\u03b7\u03bb\u03ae \u03b4\u03b9\u03b1\u03c0\u03bd\u03bf\u03ae, \u03b5\u03bd\u03ce \u03b4\u03b9\u03b1\u03c4\u03b7\u03c1\u03b5\u03af \u03c4\u03b7 \u03b8\u03b5\u03c1\u03bc\u03cc\u03c4\u03b7\u03c4\u03b1 \u03c3\u03c5\u03b3\u03ba\u03c1\u03af\u03c3\u03b9\u03bc\u03b7 \u03bc\u03b5 \u03c4\u03bf \u03ba\u03b1\u03c3\u03bc\u03af\u03c1\u03b9, \u03b9\u03b4\u03b1\u03bd\u03b9\u03ba\u03ae \u03b3\u03b9\u03b1 \u03c7\u03b5\u03b9\u03bc\u03b5\u03c1\u03b9\u03bd\u03ac \u03c5\u03c0\u03bd\u03bf\u03b4\u03c9\u03bc\u03ac\u03c4\u03b9\u03b1. \u03a4\u03bf \u03b2\u03b5\u03bb\u03bf\u03cd\u03b4\u03bf \u03b5\u03af\u03bd\u03b1\u03b9 \u03b5\u03be\u03b1\u03b9\u03c1\u03b5\u03c4\u03b9\u03ba\u03ac \u03c6\u03b9\u03bb\u03b9\u03ba\u03cc \u03c0\u03c1\u03bf\u03c2 \u03c4\u03bf \u03b4\u03ad\u03c1\u03bc\u03b1 \u03ba\u03b1\u03b9 \u03b1\u03c0\u03bf\u03c1\u03c1\u03bf\u03c6\u03b7\u03c4\u03b9\u03ba\u03cc, \u03c0\u03c1\u03bf\u03c3\u03c6\u03ad\u03c1\u03bf\u03bd\u03c4\u03b1\u03c2 \u03ac\u03bd\u03b5\u03c3\u03b7 \u03ba\u03b1\u03b9 \u03c0\u03bf\u03bb\u03c5\u03c4\u03b5\u03bb\u03ae \u03b1\u03af\u03c3\u03b8\u03b7\u03c3\u03b7. \u039f\u03bb\u03bf\u03ba\u03bb\u03b7\u03c1\u03c9\u03bc\u03ad\u03bd\u03bf \u03bc\u03b5 \u03c0\u03b5\u03c1\u03af\u03c4\u03b5\u03c7\u03bd\u03bf \u03b4\u03b9\u03b1\u03ba\u03bf\u03c3\u03bc\u03b7\u03c4\u03b9\u03ba\u03cc \u03ba\u03ad\u03bd\u03c4\u03b7\u03bc\u03b1 \u03ba\u03b1\u03b9 \u03c5\u03c0\u03b5\u03c1-\u03b1\u03c0\u03b1\u03bb\u03ae \u03b4\u03b1\u03bd\u03c4\u03ad\u03bb\u03b1 \u03b1\u03c0\u03cc \u03c3\u03b9\u03c6\u03cc\u03bd, \u03b1\u03c5\u03c4\u03cc \u03c4\u03bf premium \u03c3\u03b5\u03c4 \u03ba\u03c1\u03b5\u03b2\u03b1\u03c4\u03b9\u03bf\u03cd \u03c3\u03c5\u03bd\u03b4\u03c5\u03ac\u03b6\u03b5\u03b9 \u03ac\u03c8\u03bf\u03b3\u03b7 \u03b4\u03b5\u03be\u03b9\u03bf\u03c4\u03b5\u03c7\u03bd\u03af\u03b1, \u03ba\u03bf\u03bc\u03c8\u03cc\u03c4\u03b7\u03c4\u03b1 \u03ba\u03b1\u03b9 \u03b6\u03b5\u03c3\u03c4\u03ae, \u03c3\u03c4\u03b9\u03bb\u03ac\u03c4\u03b7 \u03b5\u03bc\u03c0\u03b5\u03b9\u03c1\u03af\u03b1 \u03cd\u03c0\u03bd\u03bf\u03c5.<\/p>\n<p data-start=\"890\" data-end=\"1014\">","protected":false},"featured_media":3352,"comment_status":"open","ping_status":"closed","template":"","meta":{"_acf_changed":false},"product_brand":[],"product_cat":[177,170,173],"product_tag":[],"class_list":{"0":"post-3341","1":"product","2":"type-product","3":"status-publish","4":"has-post-thumbnail","6":"product_cat-ecosoft-","7":"product_cat-milk-velvet-","8":"product_cat-173","10":"first","11":"instock","12":"featured","13":"taxable","14":"shipping-taxable","15":"purchasable","16":"product-type-variable"},"acf":[],"_links":{"self":[{"href":"https:\/\/4scollection.store\/en\/wp-json\/wp\/v2\/product\/3341","targetHints":{"allow":["GET"]}}],"collection":[{"href":"https:\/\/4scollection.store\/en\/wp-json\/wp\/v2\/product"}],"about":[{"href":"https:\/\/4scollection.store\/en\/wp-json\/wp\/v2\/types\/product"}],"replies":[{"embeddable":true,"href":"https:\/\/4scollection.store\/en\/wp-json\/wp\/v2\/comments?post=3341"}],"version-history":[{"count":8,"href":"https:\/\/4scollection.store\/en\/wp-json\/wp\/v2\/product\/3341\/revisions"}],"predecessor-version":[{"id":3916,"href":"https:\/\/4scollection.store\/en\/wp-json\/wp\/v2\/product\/3341\/revisions\/3916"}],"wp:featuredmedia":[{"embeddable":true,"href":"https:\/\/4scollection.store\/en\/wp-json\/wp\/v2\/media\/3352"}],"wp:attachment":[{"href":"https:\/\/4scollection.store\/en\/wp-json\/wp\/v2\/media?parent=3341"}],"wp:term":[{"taxonomy":"product_brand","embeddable":true,"href":"https:\/\/4scollection.store\/en\/wp-json\/wp\/v2\/product_brand?post=3341"},{"taxonomy":"product_cat","embeddable":true,"href":"https:\/\/4scollection.store\/en\/wp-json\/wp\/v2\/product_cat?post=3341"},{"taxonomy":"product_tag","embeddable":true,"href":"https:\/\/4scollection.store\/en\/wp-json\/wp\/v2\/product_tag?post=3341"}],"curies":[{"name":"wp","href":"https:\/\/api.w.org\/{rel}","templated":true}]}}