{"id":3382,"date":"2025-09-11T16:29:05","date_gmt":"2025-09-11T13:29:05","guid":{"rendered":"https:\/\/4scollection.store\/?post_type=product&#038;p=3382"},"modified":"2026-02-28T00:47:24","modified_gmt":"2026-02-27T22:47:24","slug":"%cf%80%ce%bf%ce%bb%cf%85%cf%84%ce%b5%ce%bb%ce%ad%cf%82-%cf%83%ce%b5%cf%84-%ce%ba%ce%bb%ce%b9%ce%bd%ce%bf%cf%83%ce%ba%ce%b5%cf%80%ce%b1%cf%83%ce%bc%ce%ac%cf%84%cf%89%ce%bd-celeste","status":"publish","type":"product","link":"https:\/\/4scollection.store\/en\/product\/%cf%80%ce%bf%ce%bb%cf%85%cf%84%ce%b5%ce%bb%ce%ad%cf%82-%cf%83%ce%b5%cf%84-%ce%ba%ce%bb%ce%b9%ce%bd%ce%bf%cf%83%ce%ba%ce%b5%cf%80%ce%b1%cf%83%ce%bc%ce%ac%cf%84%cf%89%ce%bd-celeste\/","title":{"rendered":"Luxury Bedding Set \u2013 Silk Brocade, Celeste Pearl"},"content":{"rendered":"<p><strong>Product Specifications:<\/strong><\/p>\n<p>Fabric Composition:\n\nSide A: Brocade silk (including silk content)\n\nSide B: 100% Australian cotton \u2013 100s yarn<\/p>\n<p>Weave Density (Thread Count): Side B: 400 TC<\/p>\n<p>Technique: Hollow cutting technique, rounded sheet corners &amp; YKK zipper<\/p>\n<p>Product Size (cm): Duvet Cover: 1 pc 220\u00d7240 | Sheet: 1 pc 245\u00d7270 | Pillowcases: 2 pcs 48\u00d774<\/p>\n<p>Color: Champagne Gold<\/p>\n<p><strong>Standard Compliance:<\/strong>\u00a0GB\/T 22796-2021 (Performance), GB 18401-2010 Category A (Safety)<\/p>\n<p><strong>Product care:<\/strong><\/p>\n<p>Wash at 30\u00b0C | Do not use bleach | Line dry | Iron at low temperature \u2264 110\u00b0C<\/p>\n<p>Professional Dry Cleaning: Use any solvent except trichloroethylene<\/p>\n<p>When line drying, ensure the product is not exposed to direct sunlight.<\/p>\n<p>To maintain the quality and color of your bedding set, please wash it separately and avoid mixing it with other garments, especially those of different colors. This helps prevent color transfer and fabric damage.<\/p>\n<p>Always refer to and follow the care and washing instructions provided on the product label.<\/p>","protected":false},"excerpt":{"rendered":"<article class=\"text-token-text-primary w-full focus:outline-none [--shadow-height:45px] has-data-writing-block:pointer-events-none has-data-writing-block:-mt-(--shadow-height) has-data-writing-block:pt-(--shadow-height) [&amp;:has([data-writing-block])&gt;*]:pointer-events-auto scroll-mt-[calc(var(--header-height)+min(200px,max(70px,20svh)))]\" dir=\"auto\" tabindex=\"-1\" data-turn-id=\"request-WEB:ef773c8d-e8b9-45f3-8ed4-5b4a898fd1bc-27\" data-testid=\"conversation-turn-56\" data-scroll-anchor=\"true\" data-turn=\"assistant\">\n<div class=\"text-base my-auto mx-auto pb-10 [--thread-content-margin:--spacing(4)] thread-sm:[--thread-content-margin:--spacing(6)] thread-lg:[--thread-content-margin:--spacing(16)] px-(--thread-content-margin)\">\n<div class=\"[--thread-content-max-width:40rem] thread-lg:[--thread-content-max-width:48rem] mx-auto max-w-(--thread-content-max-width) flex-1 group\/turn-messages focus-visible:outline-hidden relative flex w-full min-w-0 flex-col agent-turn\" tabindex=\"-1\">\n<div class=\"flex max-w-full flex-col grow\">\n<div class=\"min-h-8 text-message relative flex w-full flex-col items-end gap-2 text-start break-words whitespace-normal [.text-message+&amp;]:mt-1\" dir=\"auto\" data-message-author-role=\"assistant\" data-message-id=\"56e20f43-9495-41ff-9228-d1c1573c80a8\" data-message-model-slug=\"gpt-5-mini\">\n<div class=\"flex w-full flex-col gap-1 empty:hidden first:pt-[1px]\">\n<div class=\"markdown prose dark:prose-invert w-full break-words light markdown-new-styling\">\n<p data-start=\"0\" data-end=\"1074\" data-is-last-node=\"\" data-is-only-node=\"\">\u039a\u03b1\u03bb\u03c9\u03c3\u03bf\u03c1\u03af\u03c3\u03c4\u03b5 \u03c4\u03b7\u03bd \u03b5\u03c0\u03bf\u03c7\u03ae \u03c4\u03bf\u03c5 \u03c6\u03c9\u03c4\u03cc\u03c2 \u03bc\u03b5 \u03c4\u03bf \u03c0\u03bf\u03bb\u03c5\u03c4\u03b5\u03bb\u03ad\u03c2 \u03c3\u03b5\u03c4 \u03ba\u03bb\u03b9\u03bd\u03bf\u03c3\u03ba\u03b5\u03c0\u03b1\u03c3\u03bc\u03ac\u03c4\u03c9\u03bd Premium Silk Brocade, \u03ad\u03bd\u03b1 \u03b1\u03c1\u03bc\u03bf\u03bd\u03b9\u03ba\u03cc \u03bc\u03b5\u03af\u03b3\u03bc\u03b1 \u03b4\u03b5\u03be\u03b9\u03bf\u03c4\u03b5\u03c7\u03bd\u03af\u03b1\u03c2, \u03c5\u03c6\u03ae\u03c2 \u03ba\u03b1\u03b9 \u03b4\u03b9\u03b1\u03c7\u03c1\u03bf\u03bd\u03b9\u03ba\u03ae\u03c2 \u03c0\u03bf\u03bb\u03c5\u03c4\u03ad\u03bb\u03b5\u03b9\u03b1\u03c2. \u03a0\u03b5\u03c1\u03b9\u03c3\u03c3\u03cc\u03c4\u03b5\u03c1\u03bf \u03b1\u03c0\u03cc \u03ad\u03bd\u03b1 \u03b1\u03c0\u03bb\u03cc \u03b5\u03ba\u03bb\u03b5\u03c0\u03c4\u03c5\u03c3\u03bc\u03ad\u03bd\u03bf \u03c3\u03b5\u03c4 \u03ba\u03c1\u03b5\u03b2\u03b1\u03c4\u03b9\u03bf\u03cd, \u03b1\u03c5\u03c4\u03ae \u03b7 \u03c3\u03c5\u03bb\u03bb\u03bf\u03b3\u03ae \u03b5\u03ba\u03c6\u03c1\u03ac\u03b6\u03b5\u03b9 \u03ba\u03bf\u03bc\u03c8\u03cc\u03c4\u03b7\u03c4\u03b1, \u03c3\u03c7\u03b5\u03b4\u03b9\u03b1\u03c3\u03bc\u03ad\u03bd\u03b7 \u03bd\u03b1 \u03c6\u03ad\u03c1\u03b5\u03b9 \u03c6\u03c1\u03b5\u03c3\u03ba\u03ac\u03b4\u03b1, \u03c0\u03bf\u03bb\u03c5\u03c4\u03b5\u03bb\u03ad\u03c2 \u03c3\u03c4\u03c5\u03bb \u03ba\u03b1\u03b9 \u03b5\u03ba\u03bb\u03b5\u03c0\u03c4\u03c5\u03c3\u03bc\u03cc \u03c3\u03c4\u03bf\u03bd \u03c7\u03ce\u03c1\u03bf \u03c3\u03b1\u03c2. \u03a5\u03c6\u03b1\u03c3\u03bc\u03ad\u03bd\u03bf \u03b1\u03c0\u03cc \u03b5\u03be\u03b1\u03b9\u03c1\u03b5\u03c4\u03b9\u03ba\u03ac \u03b1\u03c0\u03b1\u03bb\u03cc \u03bc\u03b5\u03c4\u03ac\u03be\u03b9 brocade, \u03ba\u03ac\u03b8\u03b5 \u03ba\u03bf\u03bc\u03bc\u03ac\u03c4\u03b9 \u03c0\u03c1\u03bf\u03c3\u03c6\u03ad\u03c1\u03b5\u03b9 \u03b1\u03af\u03c3\u03b8\u03b7\u03c3\u03b7 \u03b5\u03bb\u03b1\u03c6\u03c1\u03b9\u03ac \u03c3\u03b1\u03bd \u03c6\u03c4\u03b5\u03c1\u03cc, \u03bb\u03b5\u03af\u03b1 \u03c3\u03b1\u03bd \u03bc\u03b5\u03c4\u03ac\u03be\u03b9 \u03ba\u03b1\u03b9 \u03b4\u03b9\u03b1\u03c0\u03bd\u03ad\u03bf\u03c5\u03c3\u03b1 \u03cc\u03c0\u03c9\u03c2 \u03c4\u03bf \u03b2\u03b1\u03bc\u03b2\u03ac\u03ba\u03b9, \u03b5\u03be\u03b1\u03c3\u03c6\u03b1\u03bb\u03af\u03b6\u03bf\u03bd\u03c4\u03b1\u03c2 \u03ac\u03bd\u03b5\u03c3\u03b7 \u03c0\u03bf\u03c5 \u03b1\u03ba\u03bf\u03bb\u03bf\u03c5\u03b8\u03b5\u03af \u03c4\u03b9\u03c2 \u03b5\u03c0\u03bf\u03c7\u03ad\u03c2. \u0397 \u03b4\u03c1\u03bf\u03c3\u03b5\u03c1\u03ae, \u03b1\u03ad\u03c1\u03b9\u03bd\u03b7 \u03c5\u03c6\u03ae \u03c4\u03bf \u03ba\u03b1\u03b8\u03b9\u03c3\u03c4\u03ac \u03b9\u03b4\u03b1\u03bd\u03b9\u03ba\u03cc \u03b3\u03b9\u03b1 \u03ac\u03bd\u03bf\u03b9\u03be\u03b7 \u03ba\u03b1\u03b9 \u03ba\u03b1\u03bb\u03bf\u03ba\u03b1\u03af\u03c1\u03b9, \u03b5\u03bd\u03ce \u03bf \u03c0\u03c5\u03c1\u03ae\u03bd\u03b1\u03c2 \u03b1\u03c0\u03cc \u03c5\u03c8\u03b7\u03bb\u03ae\u03c2 \u03b1\u03ba\u03c1\u03af\u03b2\u03b5\u03b9\u03b1\u03c2 \u03c0\u03b5\u03c1\u03bb\u03ad \u03bc\u03b5\u03c4\u03ac\u03be\u03b9 \u03b1\u03ba\u03c4\u03b9\u03bd\u03bf\u03b2\u03bf\u03bb\u03b5\u03af \u03bc\u03b9\u03b1 \u03bb\u03b5\u03c0\u03c4\u03ae, \u03bc\u03b1\u03c1\u03b3\u03b1\u03c1\u03b9\u03c4\u03b1\u03c1\u03ad\u03bd\u03b9\u03b1 \u03bb\u03ac\u03bc\u03c8\u03b7. \u0391\u03c0\u03bb\u03cc \u03b1\u03bb\u03bb\u03ac \u03b1\u03b4\u03b9\u03b1\u03bc\u03c6\u03b9\u03c3\u03b2\u03ae\u03c4\u03b7\u03c4\u03b1 \u03b5\u03ba\u03bb\u03b5\u03c0\u03c4\u03c5\u03c3\u03bc\u03ad\u03bd\u03bf, \u03c4\u03bf \u03cd\u03c6\u03b1\u03c3\u03bc\u03b1 \u03b1\u03bd\u03c4\u03b9\u03ba\u03b1\u03c4\u03bf\u03c0\u03c4\u03c1\u03af\u03b6\u03b5\u03b9 \u03b1\u03bd\u03ce\u03c4\u03b5\u03c1\u03b7 \u03c0\u03bf\u03b9\u03cc\u03c4\u03b7\u03c4\u03b1 \u03ba\u03b1\u03b9 \u03ba\u03bf\u03c1\u03c5\u03c6\u03b1\u03af\u03b1 \u03c5\u03c6\u03b1\u03bd\u03c4\u03b9\u03ba\u03ae \u03c4\u03ad\u03c7\u03bd\u03b7. \u039f\u03b9 \u03b1\u03c0\u03b1\u03bb\u03ad\u03c2, \u03c6\u03c9\u03c4\u03b5\u03b9\u03bd\u03ad\u03c2 \u03b1\u03c0\u03bf\u03c7\u03c1\u03ce\u03c3\u03b5\u03b9\u03c2 \u03b4\u03b7\u03bc\u03b9\u03bf\u03c5\u03c1\u03b3\u03bf\u03cd\u03bd \u03b3\u03b1\u03bb\u03ae\u03bd\u03b9\u03b1 \u03b1\u03c4\u03bc\u03cc\u03c3\u03c6\u03b1\u03b9\u03c1\u03b1, \u03b9\u03b4\u03b1\u03bd\u03b9\u03ba\u03ae \u03b3\u03b9\u03b1 \u03b7\u03bb\u03b9\u03cc\u03bb\u03bf\u03c5\u03c3\u03c4\u03b1 \u03c0\u03c1\u03c9\u03b9\u03bd\u03ac \u03ba\u03b1\u03b9 \u03b4\u03c1\u03bf\u03c3\u03b5\u03c1\u03ac \u03b2\u03c1\u03ac\u03b4\u03b9\u03b1, \u03ba\u03b1\u03b8\u03b9\u03c3\u03c4\u03ce\u03bd\u03c4\u03b1\u03c2 \u03b1\u03c5\u03c4\u03cc \u03c4\u03bf \u03c0\u03bf\u03bb\u03c5\u03c4\u03b5\u03bb\u03ad\u03c2 \u03c3\u03b5\u03c4 \u03ba\u03bb\u03b9\u03bd\u03bf\u03c3\u03ba\u03b5\u03c0\u03b1\u03c3\u03bc\u03ac\u03c4\u03c9\u03bd \u03b1\u03c0\u03cc \u03bc\u03b5\u03c4\u03ac\u03be\u03b9 brocade \u03c4\u03b7\u03bd \u03b9\u03b4\u03b1\u03bd\u03b9\u03ba\u03ae \u03b5\u03c0\u03b9\u03bb\u03bf\u03b3\u03ae \u03b3\u03b9\u03b1 \u03c3\u03cd\u03b3\u03c7\u03c1\u03bf\u03bd\u03b1 \u03c5\u03c0\u03bd\u03bf\u03b4\u03c9\u03bc\u03ac\u03c4\u03b9\u03b1 \u03c0\u03bf\u03c5 \u03c3\u03c5\u03bd\u03b4\u03c5\u03ac\u03b6\u03bf\u03c5\u03bd \u03ba\u03bf\u03bc\u03c8\u03cc\u03c4\u03b7\u03c4\u03b1, \u03ac\u03bd\u03b5\u03c3\u03b7 \u03ba\u03b1\u03b9 premium \u03c0\u03bf\u03b9\u03cc\u03c4\u03b7\u03c4\u03b1.<\/p>\n<\/div>\n<\/div>\n<\/div>\n<\/div>\n<div class=\"z-0 flex min-h-[46px] justify-start\"><\/div>\n<\/div>\n<\/div>\n<\/article>\n<div class=\"pointer-events-none h-px w-px\" aria-hidden=\"true\" data-edge=\"true\"><\/div>\n","protected":false},"featured_media":3383,"comment_status":"open","ping_status":"closed","template":"","meta":{"_acf_changed":false},"product_brand":[],"product_cat":[178,162,173],"product_tag":[],"class_list":{"0":"post-3382","1":"product","2":"type-product","3":"status-publish","4":"has-post-thumbnail","6":"product_cat-luxura-","7":"product_cat-silkcotton-","8":"product_cat-173","10":"first","11":"instock","12":"taxable","13":"shipping-taxable","14":"purchasable","15":"product-type-variable"},"acf":[],"_links":{"self":[{"href":"https:\/\/4scollection.store\/en\/wp-json\/wp\/v2\/product\/3382","targetHints":{"allow":["GET"]}}],"collection":[{"href":"https:\/\/4scollection.store\/en\/wp-json\/wp\/v2\/product"}],"about":[{"href":"https:\/\/4scollection.store\/en\/wp-json\/wp\/v2\/types\/product"}],"replies":[{"embeddable":true,"href":"https:\/\/4scollection.store\/en\/wp-json\/wp\/v2\/comments?post=3382"}],"version-history":[{"count":12,"href":"https:\/\/4scollection.store\/en\/wp-json\/wp\/v2\/product\/3382\/revisions"}],"predecessor-version":[{"id":4721,"href":"https:\/\/4scollection.store\/en\/wp-json\/wp\/v2\/product\/3382\/revisions\/4721"}],"wp:featuredmedia":[{"embeddable":true,"href":"https:\/\/4scollection.store\/en\/wp-json\/wp\/v2\/media\/3383"}],"wp:attachment":[{"href":"https:\/\/4scollection.store\/en\/wp-json\/wp\/v2\/media?parent=3382"}],"wp:term":[{"taxonomy":"product_brand","embeddable":true,"href":"https:\/\/4scollection.store\/en\/wp-json\/wp\/v2\/product_brand?post=3382"},{"taxonomy":"product_cat","embeddable":true,"href":"https:\/\/4scollection.store\/en\/wp-json\/wp\/v2\/product_cat?post=3382"},{"taxonomy":"product_tag","embeddable":true,"href":"https:\/\/4scollection.store\/en\/wp-json\/wp\/v2\/product_tag?post=3382"}],"curies":[{"name":"wp","href":"https:\/\/api.w.org\/{rel}","templated":true}]}}