{"id":5384,"date":"2026-02-22T13:05:26","date_gmt":"2026-02-22T11:05:26","guid":{"rendered":"https:\/\/4scollection.store\/?post_type=product&#038;p=5384"},"modified":"2026-03-15T12:16:32","modified_gmt":"2026-03-15T10:16:32","slug":"%cf%80%ce%bf%ce%bb%cf%85%cf%84%ce%b5%ce%bb%ce%ad%cf%82-%cf%83%ce%b5%cf%84-%ce%ba%ce%bb%ce%b9%ce%bd%ce%bf%cf%83%ce%ba%ce%b5%cf%80%ce%b1%cf%83%ce%bc%ce%ac%cf%84%cf%89%ce%bd-golden-feather","status":"publish","type":"product","link":"https:\/\/4scollection.store\/en\/product\/%cf%80%ce%bf%ce%bb%cf%85%cf%84%ce%b5%ce%bb%ce%ad%cf%82-%cf%83%ce%b5%cf%84-%ce%ba%ce%bb%ce%b9%ce%bd%ce%bf%cf%83%ce%ba%ce%b5%cf%80%ce%b1%cf%83%ce%bc%ce%ac%cf%84%cf%89%ce%bd-golden-feather\/","title":{"rendered":"\u03a0\u03bf\u03bb\u03c5\u03c4\u03b5\u03bb\u03ad\u03c2 \u03a3\u03b5\u03c4 \u039a\u03bb\u03b9\u03bd\u03bf\u03c3\u03ba\u03b5\u03c0\u03b1\u03c3\u03bc\u03ac\u03c4\u03c9\u03bd Golden Feather \u03bc\u03b5 \u03a4\u03c1\u03b9\u03c3\u03b4\u03b9\u03ac\u03c3\u03c4\u03b1\u03c4\u03bf \u039a\u03ad\u03bd\u03c4\u03b7\u03bc\u03b1 \u03a0\u03b5\u03c4\u03b1\u03bb\u03bf\u03cd\u03b4\u03b1\u03c2 \u2013 100% \u0391\u03c5\u03c3\u03c4\u03c1\u03b1\u03bb\u03b9\u03b1\u03bd\u03cc \u039c\u03b1\u03ba\u03c1\u03cd \u0392\u03b1\u03bc\u03b2\u03ac\u03ba\u03b9"},"content":{"rendered":"<p><strong>Product Specifications:<\/strong><\/p>\n<p>Fabric composition: 100% Australian cotton \u2013 100s yarn.<\/p>\n<p>\u03a0\u03c5\u03ba\u03bd\u03cc\u03c4\u03b7\u03c4\u03b1 \u03cd\u03c6\u03b1\u03bd\u03c3\u03b7\u03c2 (Thread Count): 400TC<\/p>\n<p>\u03a4\u03b5\u03c7\u03bd\u03b9\u03ba\u03ae: \u039c\u03b1\u03ba\u03c1\u03ac\u03c2 \u03af\u03bd\u03b1\u03c2 &amp; \u03a5\u03c8\u03b7\u03bb\u03ae\u03c2 \u03b1\u03ba\u03c1\u03af\u03b2\u03b5\u03b9\u03b1\u03c2 3D \u03ba\u03ad\u03bd\u03c4\u03b7\u03bc\u03b1<\/p>\n<p>Product Size (cm): Duvet Cover: 1 pc 220\u00d7240 | Sheet: 1 pc 245\u00d7270 | Pillowcases: 2 pcs 48\u00d774<\/p>\n<p>\u03a7\u03c1\u03c9\u03bc\u03b1\u03c4\u03b9\u03ba\u03ae \u03b5\u03c0\u03b9\u03bb\u03bf\u03b3\u03ae: Golden Feather Ash (\u03b1\u03c0\u03b1\u03bb\u03cc \u03b3\u03ba\u03c1\u03b9 \u03bc\u03b5 \u03c7\u03c1\u03c5\u03c3\u03ae \u03ba\u03ad\u03bd\u03c4\u03b7\u03c3\u03b7 \u03c0\u03b5\u03c4\u03b1\u03bb\u03bf\u03cd\u03b4\u03b1\u03c2)<\/p>\n<p><strong>Standard Compliance:<\/strong>\u00a0GB\/T 22796-2021 (Performance), GB 18401-2010 Category A (Safety)<\/p>\n<p><strong>Product care:<\/strong><\/p>\n<p>Wash at 30\u00b0C | Do not use bleach | Line dry | Iron at low temperature \u2264 110\u00b0C<\/p>\n<p>Professional Dry Cleaning: Use any solvent except trichloroethylene<\/p>\n<p>When line drying, ensure the product is not exposed to direct sunlight.<\/p>\n<p>To maintain the quality and color of your bedding set, please wash it separately and avoid mixing it with other garments, especially those of different colors. This helps prevent color transfer and fabric damage.<\/p>\n<p>Always refer to and follow the care and washing instructions provided on the product label.<\/p>","protected":false},"excerpt":{"rendered":"<p data-start=\"87\" data-end=\"496\">\u039c\u03b9\u03b1 \u03b1\u03c0\u03b1\u03bb\u03ae \u03bc\u03b5\u03bb\u03c9\u03b4\u03af\u03b1 \u03c7\u03c1\u03c9\u03bc\u03ac\u03c4\u03c9\u03bd \u03ba\u03b1\u03b9 \u03c4\u03c1\u03b9\u03c3\u03b4\u03b9\u03ac\u03c3\u03c4\u03b1\u03c4\u03c9\u03bd \u03c0\u03b5\u03c4\u03b1\u03bb\u03bf\u03cd\u03b4\u03c9\u03bd \u03bc\u03b5\u03c4\u03b1\u03bc\u03bf\u03c1\u03c6\u03ce\u03bd\u03b5\u03b9 \u03c4\u03bf \u03c5\u03c0\u03bd\u03bf\u03b4\u03c9\u03bc\u03ac\u03c4\u03b9\u03bf \u03c3\u03b5 \u03c7\u03ce\u03c1\u03bf \u03b5\u03ba\u03bb\u03b5\u03c0\u03c4\u03c5\u03c3\u03bc\u03ad\u03bd\u03b7\u03c2 \u03b3\u03bf\u03b7\u03c4\u03b5\u03af\u03b1\u03c2. \u03a4\u03bf \u03cd\u03c6\u03b1\u03c3\u03bc\u03b1 \u03b1\u03c0\u03cc \u03b1\u03c5\u03c3\u03c4\u03c1\u03b1\u03bb\u03b9\u03b1\u03bd\u03cc \u03b2\u03b1\u03bc\u03b2\u03ac\u03ba\u03b9 \u03bc\u03b1\u03ba\u03c1\u03ac\u03c2 \u03af\u03bd\u03b1\u03c2 \u03b1\u03b3\u03ba\u03b1\u03bb\u03b9\u03ac\u03b6\u03b5\u03b9 \u03c4\u03bf \u03c3\u03ce\u03bc\u03b1 \u03bc\u03b5 \u03bc\u03b5\u03c4\u03b1\u03be\u03ad\u03bd\u03b9\u03b1 \u03b1\u03c0\u03b1\u03bb\u03cc\u03c4\u03b7\u03c4\u03b1, \u03c6\u03b9\u03bb\u03b9\u03ba\u03cc \u03c0\u03c1\u03bf\u03c2 \u03c4\u03bf \u03b4\u03ad\u03c1\u03bc\u03b1, \u03b4\u03b9\u03b1\u03c0\u03bd\u03ad\u03bf\u03bd \u03ba\u03b1\u03b9 \u03c0\u03bf\u03bb\u03c5\u03c4\u03b5\u03bb\u03ad\u03c2 \u03c3\u03b5 \u03ba\u03ac\u03b8\u03b5 \u03b5\u03c0\u03b1\u03c6\u03ae. \u039f\u03b9 \u03c0\u03b5\u03c4\u03b1\u03bb\u03bf\u03cd\u03b4\u03b5\u03c2 \u03c3\u03c4\u03b7\u03bd \u03c4\u03c1\u03b9\u03c3\u03b4\u03b9\u03ac\u03c3\u03c4\u03b1\u03c4\u03b7 \u03ba\u03ad\u03bd\u03c4\u03b7\u03c3\u03b7 \u03c0\u03c1\u03bf\u03c3\u03b8\u03ad\u03c4\u03bf\u03c5\u03bd \u03bc\u03b9\u03b1 \u03ba\u03bf\u03bc\u03c8\u03ae, \u03ba\u03b1\u03bb\u03bb\u03b9\u03c4\u03b5\u03c7\u03bd\u03b9\u03ba\u03ae \u03c0\u03b9\u03bd\u03b5\u03bb\u03b9\u03ac, \u03b4\u03b7\u03bc\u03b9\u03bf\u03c5\u03c1\u03b3\u03ce\u03bd\u03c4\u03b1\u03c2 \u03ad\u03bd\u03b1 \u03c3\u03b7\u03bc\u03b5\u03af\u03bf \u03b1\u03bd\u03b1\u03c6\u03bf\u03c1\u03ac\u03c2 \u03b1\u03b9\u03c3\u03b8\u03b7\u03c4\u03b9\u03ba\u03ae\u03c2 \u03ba\u03b1\u03b9 \u03b1\u03c1\u03bc\u03bf\u03bd\u03af\u03b1\u03c2.<\/p>\n<p data-start=\"498\" data-end=\"742\">\u0394\u03b9\u03b1\u03c4\u03af\u03b8\u03b5\u03c4\u03b1\u03b9 \u03c3\u03b5 \u03b4\u03cd\u03bf \u03b5\u03ba\u03bb\u03b5\u03c0\u03c4\u03c5\u03c3\u03bc\u03ad\u03bd\u03b5\u03c2 \u03b1\u03c0\u03bf\u03c7\u03c1\u03ce\u03c3\u03b5\u03b9\u03c2: \u03c4\u03bf <strong>Blue Feather Ivory<\/strong>, \u03ad\u03bd\u03b1 \u03c6\u03c5\u03c3\u03b9\u03ba\u03cc \u03bb\u03b5\u03c5\u03ba\u03cc \u03bc\u03b5 \u03bc\u03c0\u03bb\u03b5 \u03ba\u03ad\u03bd\u03c4\u03b7\u03bc\u03b1 \u03c0\u03bf\u03c5 \u03b1\u03c0\u03bf\u03c0\u03bd\u03ad\u03b5\u03b9 \u03b7\u03c1\u03b5\u03bc\u03af\u03b1 \u03ba\u03b1\u03b9 \u03c6\u03c1\u03b5\u03c3\u03ba\u03ac\u03b4\u03b1, \u03ba\u03b1\u03b9 \u03c4\u03bf<strong> Golden Feather Ash<\/strong>, \u03ad\u03bd\u03b1 \u03b1\u03c0\u03b1\u03bb\u03cc \u03b3\u03ba\u03c1\u03b9 \u03bc\u03b5 \u03c7\u03c1\u03c5\u03c3\u03ae \u03ba\u03ad\u03bd\u03c4\u03b7\u03c3\u03b7 \u03c0\u03bf\u03c5 \u03c0\u03c1\u03bf\u03c3\u03c6\u03ad\u03c1\u03b5\u03b9 \u03b6\u03b5\u03c3\u03c4\u03b1\u03c3\u03b9\u03ac \u03ba\u03b1\u03b9 \u03b4\u03b9\u03b1\u03c7\u03c1\u03bf\u03bd\u03b9\u03ba\u03ae \u03c0\u03bf\u03bb\u03c5\u03c4\u03ad\u03bb\u03b5\u03b9\u03b1.<\/p>\n<p data-start=\"744\" data-end=\"1101\">\u0399\u03b4\u03b1\u03bd\u03b9\u03ba\u03cc \u03b3\u03b9\u03b1 \u03c3\u03c4\u03b9\u03b3\u03bc\u03ad\u03c2 \u03c7\u03b1\u03bb\u03ac\u03c1\u03c9\u03c3\u03b7\u03c2, \u03b3\u03b9\u03b1 \u03bd\u03b1 \u03b1\u03bd\u03b1\u03b4\u03b5\u03af\u03be\u03b5\u03c4\u03b5 \u03c4\u03bf \u03bc\u03bf\u03bd\u03c4\u03ad\u03c1\u03bd\u03bf light luxury \u03c3\u03c4\u03c5\u03bb \u03c4\u03bf\u03c5 \u03c5\u03c0\u03bd\u03bf\u03b4\u03c9\u03bc\u03b1\u03c4\u03af\u03bf\u03c5 \u03b1\u03bb\u03bb\u03ac \u03ba\u03b1\u03b9 \u03c9\u03c2 \u03bc\u03b9\u03b1 \u03be\u03b5\u03c7\u03c9\u03c1\u03b9\u03c3\u03c4\u03ae \u03b5\u03c0\u03b9\u03bb\u03bf\u03b3\u03ae \u03b3\u03b9\u03b1 \u03c4\u03bf \u03b3\u03b1\u03bc\u03ae\u03bb\u03b9\u03bf \u03ba\u03c1\u03b5\u03b2\u03ac\u03c4\u03b9, \u03c3\u03c5\u03bc\u03b2\u03bf\u03bb\u03af\u03b6\u03bf\u03bd\u03c4\u03b1\u03c2 \u03c4\u03b7\u03bd \u03c4\u03c1\u03c5\u03c6\u03b5\u03c1\u03cc\u03c4\u03b7\u03c4\u03b1, \u03c4\u03b7\u03bd \u03b1\u03c1\u03bc\u03bf\u03bd\u03af\u03b1 \u03ba\u03b1\u03b9 \u03c4\u03b7 \u03bd\u03ad\u03b1 \u03b1\u03c1\u03c7\u03ae. \u039a\u03ac\u03b8\u03b5 \u03bb\u03b5\u03c0\u03c4\u03bf\u03bc\u03ad\u03c1\u03b5\u03b9\u03b1 \u03b1\u03c0\u03bf\u03c0\u03bd\u03ad\u03b5\u03b9 \u03c0\u03bf\u03bb\u03c5\u03c4\u03ad\u03bb\u03b5\u03b9\u03b1, \u03b4\u03b9\u03b1\u03c7\u03c1\u03bf\u03bd\u03b9\u03ba\u03ae \u03ba\u03bf\u03bc\u03c8\u03cc\u03c4\u03b7\u03c4\u03b1 \u03ba\u03b1\u03b9 \u03b1\u03c0\u03b1\u03c1\u03ac\u03bc\u03b9\u03bb\u03bb\u03b7 \u03ac\u03bd\u03b5\u03c3\u03b7, \u03bc\u03b5\u03c4\u03b1\u03c4\u03c1\u03ad\u03c0\u03bf\u03bd\u03c4\u03b1\u03c2 \u03c4\u03bf\u03bd \u03cd\u03c0\u03bd\u03bf \u03c3\u03b5 \u03b5\u03bc\u03c0\u03b5\u03b9\u03c1\u03af\u03b1 \u03b1\u03b9\u03c3\u03b8\u03b7\u03c4\u03b9\u03ba\u03ae\u03c2 \u03ba\u03b1\u03b9 \u03b5\u03c5\u03b5\u03be\u03af\u03b1\u03c2.<\/p>","protected":false},"featured_media":4845,"comment_status":"open","ping_status":"closed","template":"","meta":{"_acf_changed":false},"product_brand":[],"product_cat":[173,178,162],"product_tag":[],"class_list":{"0":"post-5384","1":"product","2":"type-product","3":"status-publish","4":"has-post-thumbnail","6":"product_cat-173","7":"product_cat-luxura-","8":"product_cat-silkcotton-","10":"first","11":"instock","12":"sale","13":"featured","14":"taxable","15":"shipping-taxable","16":"purchasable","17":"product-type-simple"},"acf":[],"_links":{"self":[{"href":"https:\/\/4scollection.store\/en\/wp-json\/wp\/v2\/product\/5384","targetHints":{"allow":["GET"]}}],"collection":[{"href":"https:\/\/4scollection.store\/en\/wp-json\/wp\/v2\/product"}],"about":[{"href":"https:\/\/4scollection.store\/en\/wp-json\/wp\/v2\/types\/product"}],"replies":[{"embeddable":true,"href":"https:\/\/4scollection.store\/en\/wp-json\/wp\/v2\/comments?post=5384"}],"version-history":[{"count":3,"href":"https:\/\/4scollection.store\/en\/wp-json\/wp\/v2\/product\/5384\/revisions"}],"predecessor-version":[{"id":5388,"href":"https:\/\/4scollection.store\/en\/wp-json\/wp\/v2\/product\/5384\/revisions\/5388"}],"wp:featuredmedia":[{"embeddable":true,"href":"https:\/\/4scollection.store\/en\/wp-json\/wp\/v2\/media\/4845"}],"wp:attachment":[{"href":"https:\/\/4scollection.store\/en\/wp-json\/wp\/v2\/media?parent=5384"}],"wp:term":[{"taxonomy":"product_brand","embeddable":true,"href":"https:\/\/4scollection.store\/en\/wp-json\/wp\/v2\/product_brand?post=5384"},{"taxonomy":"product_cat","embeddable":true,"href":"https:\/\/4scollection.store\/en\/wp-json\/wp\/v2\/product_cat?post=5384"},{"taxonomy":"product_tag","embeddable":true,"href":"https:\/\/4scollection.store\/en\/wp-json\/wp\/v2\/product_tag?post=5384"}],"curies":[{"name":"wp","href":"https:\/\/api.w.org\/{rel}","templated":true}]}}